{"id":75,"date":"2023-09-14T17:12:45","date_gmt":"2023-09-14T15:12:45","guid":{"rendered":"https:\/\/alkestudio.it\/eventjoy\/?page_id=75"},"modified":"2023-10-18T10:55:57","modified_gmt":"2023-10-18T08:55:57","slug":"termini-di-servizio","status":"publish","type":"page","link":"https:\/\/alkestudio.it\/eventjoy\/termini-di-servizio\/","title":{"rendered":"Termini di servizio"},"content":{"rendered":"<div class=\"gtranslate_wrapper\" id=\"gt-wrapper-46902081\"><\/div>\n<h2>1. Introduzione<\/h2>\n<p>Questi Termini e Condizioni si applicano all&#8217;uso di questo sito web e anticipano le condizioni relative all&#8217;acquisto dei nostri prodotti e risorse, i quali possono essere vicolati da contratti accettati tramite un preventivo di acquisto e relativi alla tua relazione con noi o a qualsiasi prodotto o servizio che ricevi da noi. Se qualsiasi disposizione dei contratti aggiuntivi \u00e8 in conflitto con qualsiasi disposizione di questi Termini, le disposizioni di questi contratti aggiuntivi prevarranno in quanto questo sito web non effettua la vendita diretta di tali prodotti\/servizi.<\/p>\n<h2>2. Vincolo<\/h2>\n<p>Registrandosi, accedendo o utilizzando in altro modo questo sito web, l\u2019utente accetta di essere vincolato da questi Termini e condizioni di seguito riportati. Il semplice uso di questo sito web implica la conoscenza e l\u2019accettazione di questi termini e condizioni. In alcuni casi particolari, possiamo anche chiederle di acconsentire esplicitamente.<\/p>\n<h2>3. Comunicazione elettronica<\/h2>\n<p>Utilizzando questo sito web o comunicando con noi per via elettronica, lei accetta e riconosce che possiamo comunicare con lei elettronicamente sul nostro sito web o inviandole un\u2019<span class=\"tooltipsall tooltipsincontent classtoolTips52\">e-mail<\/span>, e accetta che tutti gli accordi, gli avvisi, le divulgazioni e le altre comunicazioni che le forniamo elettronicamente soddisfino qualsiasi requisito legale, incluso ma non limitato al requisito che tali comunicazioni debbano essere in forma scritta.<\/p>\n<h2>4. Propriet\u00e0 intellettuale<\/h2>\n<p>Noi o i nostri licenziatari possediamo e controlliamo tutti i diritti d\u2019autore e gli altri diritti di propriet\u00e0 intellettuale del sito web e i dati, le informazioni e le altre risorse visualizzate o accessibili all\u2019interno del sito web, salvo i diritti d&#8217;autore di parti terzi che restano nella disponibilit\u00e0 degli stessi.<\/p>\n<p class=\"cmplz-subtitle\">4.1 Tutti i diritti sono riservati<\/p>\n<p><strong>A meno che il contenuto specifico non imponga diversamente<\/strong>, all\u2019utente non viene concessa una licenza o qualsiasi altro diritto in base a diritti d\u2019autore, marchi, brevetti o altri diritti di propriet\u00e0 intellettuale. Ci\u00f2 significa che non potrete utilizzare, copiare, riprodurre, eseguire, mostrare, distribuire, incorporare in qualsiasi mezzo elettronico, alterare, decompilare, trasferire, scaricare, trasmettere, monetizzare, vendere o commercializzare qualsiasi risorsa di questo sito web in qualsiasi forma, senza il nostro previo permesso scritto, tranne e solo nella misura in cui sia diversamente stabilito in regolamenti di legge obbligatori (come il diritto di citazione).<br \/>\nTuttavia, dove esplicitamente indicato, alcuni prodotti dispongono di specifica licenza d&#8217;uso, le cui condizioni sono indicate all&#8217;interno della stessa scheda illustrativa tramite il codice della licenza e copyright.<\/p>\n<p>4.2 Licenza d&#8217;uso per i software acquistabili con Alke Studio, limitazione per l\u2019utilizzo personale e non commerciale di queste risorse.<\/p>\n<p>Salvo diversamente specificato, le risorse acquistate e\/o scaricate sono per utilizzo personale. L\u2019utente non \u00e8 autorizzato a modificare, duplicare, distribuire, decompilare, disassemblare, trasmettere, pubblicare, concedere in licenza, trasferire, vendere o creare materiale correlato da qualsivoglia informazione, software, prodotto o servizio ottenuto dalla risorsa scaricata da questo sito.<\/p>\n<p>La risorsa digitale, resa disponibile per il download, \u00e8 opera tutelata da copyright di Alke Studio e\/o dei relativi fornitori. Si precisa, altres\u00ec, che il software creato \u00e8 opera originale e personale e viene rilasciato al solo uso per cui \u00e8 stato creato.<\/p>\n<p>L\u2019utente, acquistando il gestionale, ottiene la Licenza d\u2019uso sul software.<br \/>\nAlke Studio \u00e8 Autore di questa opera e ne detiene completamente il diritto morale e patrimoniale, per cui \u00e8 fatto assoluto divieto commerciare, fittare o barattare l\u2019opera senza preventiva autorizzazione dell\u2019Autore. In questo sito web possono essere presenti collegamenti esterni, ad esempio se usati per il download, che consentono di uscire dal sito di Alke Studio. I servizi esterni, ai quali rimandano tali collegamenti, non sono sotto il controllo di Alke Studio e questo non \u00e8 responsabile del relativo contenuto o di eventuali altri collegamenti in essi contenuti, ovvero di eventuali modifiche o aggiornamenti ai suddetti siti.<\/p>\n<h2>5. <span class=\"tooltipsall tooltipsincontent classtoolTips21\">Newsletter<\/span><\/h2>\n<p>Nonostante quanto sopra, \u00e8 possibile inoltrare la nostra <span class=\"tooltipsall tooltipsincontent classtoolTips21\">newsletter<\/span> in forma elettronica ad altre persone che potrebbero essere interessate a visitare il nostro sito web. Quando ci\u00f2 avviene, e le modalit\u00e0 di condivisione, sono nella totale responsabilit\u00e0 dell&#8217;utente che la effettua.<\/p>\n<h2>6. Propriet\u00e0 di terzi<\/h2>\n<p>Il nostro sito web pu\u00f2 includere collegamenti ipertestuali o altri riferimenti a siti web di altre parti. Non controlliamo o rivediamo il contenuto dei siti web di altre parti che sono collegati a questo sito web. I prodotti o i servizi offerti da altri siti web sono soggetti ai Termini e Condizioni applicabili di queste terze parti. Le opinioni espresse o il materiale che appare su questi siti web non sono necessariamente condivise o approvate da noi.<\/p>\n<p>Non saremo responsabili delle pratiche di privacy o del contenuto di questi siti. Lei sopporta tutti i rischi associati all\u2019uso di questi siti web e di qualsiasi servizio di terzi collegato. Non accetteremo alcuna responsabilit\u00e0 per eventuali perdite o danni in qualsiasi modo, comunque causati, derivanti dalla vostra divulgazione a terzi di informazioni personali.<\/p>\n<h2>7. Utilizzo responsabile<\/h2>\n<p>Visitando il nostro sito web, l\u2019utente accetta di utilizzarlo solo per gli scopi previsti e come consentito da queste Condizioni, da qualsiasi contratto aggiuntivo con noi, e dalle leggi e dai regolamenti applicabili, nonch\u00e9 dalle pratiche online generalmente accettate e dalle linee guida del settore. Non pu\u00f2 utilizzare il nostro sito web o i nostri servizi per utilizzare, pubblicare o distribuire qualsiasi materiale che consiste in (o \u00e8 collegato a) software per la veicolazione di materiale dannoso; utilizzare i dati raccolti dal nostro sito web per qualsiasi attivit\u00e0 di <span class=\"tooltipsall tooltipsincontent classtoolTips27\">marketing<\/span> diretto, o condurre qualsiasi attivit\u00e0 di raccolta dati sistematica o automatizzata su o in relazione al nostro sito web.<\/p>\n<p>\u00c8 severamente vietato intraprendere qualsiasi attivit\u00e0 che causi, o possa causare, danni al sito web o che interferisca con le prestazioni, la disponibilit\u00e0 o l\u2019<span class=\"tooltipsall tooltipsincontent classtoolTips7\">accessibilit\u00e0<\/span> del sito web.<\/p>\n<h2>8. Registrazione<\/h2>\n<p>Pu\u00f2 accadere che le venga chiesto di registrarsi con un account sul nostro sito web. Durante questo processo, le potrebbe essere richiesto di scegliere una password. L\u2019utente \u00e8 responsabile del mantenimento della riservatezza delle password e delle informazioni dell\u2019account e accetta di non condividere le sue password, le informazioni dell\u2019account o l\u2019accesso protetto al nostro sito web o ai servizi con altre persone. Lei non deve permettere a nessun\u2019altra persona di usare il suo account per accedere al sito web perch\u00e9 lei \u00e8 responsabile di tutte le attivit\u00e0 che avvengono attraverso l\u2019uso delle sue password o account. Deve informarci immediatamente se viene a conoscenza di qualsiasi divulgazione della sua password.<\/p>\n<p>Dopo la chiusura dell\u2019account, non tenter\u00e0 di registrare un nuovo account senza il nostro permesso.<\/p>\n<h2>9. Politica di rimborso e restituzione dei prodotti e risorse<\/h2>\n<p class=\"cmplz-subtitle\">9.1 Diritto di recesso<\/p>\n<p>Al ricevimento del prodotto, lei ha il diritto di recedere da questo contratto entro 14 giorni senza fornire alcuna ragione (dettagli e specifiche, relative ai diversi prodotti\/servizi offerti, sono indicati di seguito).<\/p>\n<p>Il periodo di recesso scadr\u00e0 dopo 14 giorni dal giorno della conclusione del contratto.<\/p>\n<p>Per esercitare il diritto di recesso, deve informarci della sua decisione di recedere da questo contratto con una dichiarazione inequivocabile (per esempio una lettera inviata per posta, fax o <span class=\"tooltipsall tooltipsincontent classtoolTips52\">e-mail<\/span>) o elettronicamente usando il modulo presente sul nostro <a href=\"https:\/\/alkestudio.it\/contattami\/\" target=\"_blank\" rel=\"noopener\">SITO WEB<\/a>.<\/p>\n<p>Se utilizza questa opzione, le comunicheremo senza indugio un avviso di ricevimento di tale recesso su un supporto durevole (per esempio via <span class=\"tooltipsall tooltipsincontent classtoolTips52\">e-mail<\/span>).<\/p>\n<p>Per rispettare il termine di recesso, \u00e8 sufficiente che lei invii la sua comunicazione relativa all\u2019esercizio del diritto di recesso prima che il periodo di recesso sia scaduto.<\/p>\n<p class=\"cmplz-subtitle\">9.2 Effetti del recesso &#8211; Servizi<\/p>\n<p>Se lei recede da questo contratto, senza aver usufruito del servizio, le rimborseremo tutti i pagamenti ricevuti da lei, senza indebito ritardo e in ogni caso non oltre 14 giorni dal giorno in cui siamo informati della sua decisione di recedere da questo contratto. Effettueremo tale rimborso utilizzando lo stesso mezzo di pagamento da lei utilizzato per la transazione iniziale, a meno che lei non abbia espressamente concordato altrimenti; in ogni caso, non dovr\u00e0 sostenere alcuna spesa a seguito di tale rimborso.<\/p>\n<p>Se ha chiesto di iniziare la prestazione dei servizi durante il periodo di recesso, ci pagher\u00e0 un importo che \u00e8 proporzionale a ci\u00f2 che \u00e8 stato fornito fino a quando ci ha comunicato il suo recesso dal presente contratto, rispetto alla copertura totale del contratto.<\/p>\n<p>9.3 Effetti del recesso &#8211; Abbonamenti<\/p>\n<p>Nel caso di servizi offerti con abbonamento, l&#8217;utente ha l&#8217;obbligo di preannunciare il recesso con 14 giorni di anticipo, rispetto al rinnovo della quota.<\/p>\n<p>Per esercitare il diritto di recesso, deve informarci della sua decisione di recedere da questo contratto con una dichiarazione inequivocabile (per esempio una lettera inviata per posta, fax o <span class=\"tooltipsall tooltipsincontent classtoolTips52\">e-mail<\/span>) o elettronicamente usando il modulo presente sul nostro <a href=\"https:\/\/alkestudio.it\/contattami\/\" target=\"_blank\" rel=\"noopener\">SITO WEB<\/a>.<\/p>\n<h2>10. Presentazione di idee<\/h2>\n<p>Non presentare idee, invenzioni, opere d\u2019autore o altre informazioni che possono essere considerate propriet\u00e0 intellettuale propria che vorresti presentarci, a meno che non abbiamo prima firmato un accordo sulla propriet\u00e0 intellettuale o un accordo di non divulgazione. Se ce lo riveli in assenza di tale accordo scritto, ci concedi una licenza mondiale, irrevocabile, non esclusiva, priva di royalty per utilizzare, riprodurre, memorizzare, adattare, pubblicare, tradurre e distribuire il tuo contenuto in qualsiasi media esistente o futuro.<\/p>\n<h2>11. Cessazione dell&#8217;uso<\/h2>\n<p>Possiamo, a nostra sola discrezione, in qualsiasi momento modificare o interrompere l\u2019accesso, temporaneamente o permanentemente, al sito web o a qualsiasi servizio su di esso. Lei accetta che non saremo responsabili nei Suoi confronti o nei confronti di terzi per qualsiasi modifica, sospensione o interruzione del Suo accesso o uso del sito web o di qualsiasi contenuto che Lei possa aver condiviso sul sito web. Non avr\u00e0 diritto ad alcun indennizzo o altro pagamento, anche se alcune caratteristiche, impostazioni, e\/o qualsiasi Contenuto che lei ha contribuito o su cui ha fatto affidamento, sono permanentemente persi. Non pu\u00f2 eludere o bypassare, o tentare di eludere o bypassare, qualsiasi misura di restrizione di accesso sul nostro sito web.<\/p>\n<h2>12. Garanzie e responsabilit\u00e0<\/h2>\n<p>Niente in questa sezione limiter\u00e0 o escluder\u00e0 qualsiasi garanzia implicita per legge che sarebbe illegale limitare o escludere. Questo sito web e tutti i contenuti del sito web sono forniti su una base &#8220;cos\u00ec com\u2019\u00e8&#8221; e &#8220;come disponibile&#8221; e possono includere imprecisioni o errori tipografici. Decliniamo espressamente tutte le garanzie di qualsiasi tipo, sia espresse che implicite, per quanto riguarda la disponibilit\u00e0, l\u2019accuratezza o la completezza del Contenuto. Non garantiamo che:<\/p>\n<ul>\n<li>questo sito web o i nostri prodotti o servizi soddisfino le sue esigenze;<\/li>\n<li>questo sito web sar\u00e0 disponibile in modo ininterrotto, tempestivo, sicuro o senza errori;<\/li>\n<li>la qualit\u00e0 di qualsiasi prodotto o servizio acquistato o ottenuto da voi attraverso questo sito web soddisfer\u00e0 le vostre aspettative.<\/li>\n<\/ul>\n<p>Nulla di questo sito web costituisce o \u00e8 destinato a costituire una consulenza legale, finanziaria o medica di qualsiasi tipo. Se avete bisogno di consigli dovreste consultare un professionista appropriato.<\/p>\n<p>Le seguenti disposizioni di questa sezione si applicheranno nella misura massima consentita dalla legge applicabile e non limiteranno o escluderanno la nostra responsabilit\u00e0 in relazione a qualsiasi questione che sarebbe illegale o illegale per noi limitare o escludere la nostra responsabilit\u00e0. In nessun caso saremo responsabili per qualsiasi danno diretto o indiretto (compresi i danni per la perdita di profitti o entrate, perdita o corruzione di dati, software o <span class=\"tooltipsall tooltipsincontent classtoolTips34\">database<\/span>, o perdita o danno alla propriet\u00e0 o ai dati) sostenuti da voi o da qualsiasi terza parte, derivanti dal vostro accesso o uso del nostro sito web.<\/p>\n<p>Tranne nella misura in cui qualsiasi contratto aggiuntivo dichiara espressamente il contrario, la nostra massima responsabilit\u00e0 nei vostri confronti per tutti i danni derivanti da o relativi al sito web o a qualsiasi prodotto e servizio commercializzato o venduto attraverso il sito web, indipendentemente dalla forma di azione legale che impone la responsabilit\u00e0 (sia nel contratto, equit\u00e0, negligenza, condotta intenzionale, torto o altro) sar\u00e0 limitata al prezzo totale che avete pagato a noi per acquistare tali prodotti o servizi o utilizzare il sito web. Tale limite si applicher\u00e0 nel complesso a tutti i vostri reclami, azioni e cause di azione di ogni tipo e natura.<\/p>\n<h2>13. Privacy<\/h2>\n<p>Per accedere al nostro sito web e\/o ai nostri servizi, ti pu\u00f2 essere richiesto di fornire alcune informazioni su di te come parte del processo di registrazione. L\u2019utente accetta che qualsiasi informazione fornita sia sempre accurata, corretta e aggiornata.<\/p>\n<p>Prendiamo sul serio i vostri dati personali e ci impegniamo a proteggere la vostra privacy. Non useremo il suo indirizzo <span class=\"tooltipsall tooltipsincontent classtoolTips52\">e-mail<\/span> per posta non richiesta. Qualsiasi <span class=\"tooltipsall tooltipsincontent classtoolTips52\">e-mail<\/span> inviata da noi a voi sar\u00e0 solo in connessione con la fornitura di prodotti o servizi concordati.<\/p>\n<p>Abbiamo sviluppato una politica per affrontare qualsiasi preoccupazione sulla privacy che potresti avere. Per ulteriori informazioni, si prega di consultare la nostra <a href=\"https:\/\/alkestudio.it\/eventjoy\/privacy-policy\/\">Informativa Privacy<\/a> e la nostra <a href=\"https:\/\/alkestudio.it\/eventjoy\/cookie-policy-ue\/\"><span class=\"tooltipsall tooltipsincontent classtoolTips51\">Cookie<\/span> Policy<\/a>.<\/p>\n<h2>14. <span class=\"tooltipsall tooltipsincontent classtoolTips7\">Accessibilit\u00e0<\/span><\/h2>\n<p>Lavoriamo per rendere il contenuto che forniamo accessibile agli individui con disabilit\u00e0. Se hai una disabilit\u00e0 e non sei in grado di accedere a qualsiasi parte del nostro sito web a causa della tua disabilit\u00e0, ti chiediamo di darci una notifica includendo una descrizione dettagliata del problema che hai incontrato. Se il problema \u00e8 facilmente identificabile e risolvibile in conformit\u00e0 con gli strumenti e le tecniche informatiche standard del settore, lo risolveremo prontamente.<\/p>\n<h2>15. Restrizioni all&#8217;esportazione \/ Conformit\u00e0 legale<\/h2>\n<p>L\u2019accesso al sito web da territori o paesi in cui il Contenuto o l\u2019acquisto di prodotti o Servizi venduti sul sito web \u00e8 illegale \u00e8 proibito. Non pu\u00f2 utilizzare questo sito web in violazione delle leggi e dei regolamenti sull\u2019esportazione di Italia.<\/p>\n<h2>16. <span class=\"tooltipsall tooltipsincontent classtoolTips27\">Marketing<\/span> affiliato<\/h2>\n<p>Attraverso questo sito web potremmo intraprendere un <span class=\"tooltipsall tooltipsincontent classtoolTips27\">marketing<\/span> affiliato in cui riceviamo una percentuale o una commissione sulla vendita di servizi o prodotti su o attraverso questo sito web, chiarendo esplicitamente l&#8217;identit\u00e0 di queste risorse, se presenti. Potremmo anche accettare sponsorizzazioni o altre forme di compenso pubblicitario dalle aziende. Questa divulgazione ha lo scopo di rispettare i requisiti legali in materia di <span class=\"tooltipsall tooltipsincontent classtoolTips27\">marketing<\/span> e pubblicit\u00e0 che possono essere applicati e, ove presenti, saranno bene identificati.<\/p>\n<h2>17. Assegnazione<\/h2>\n<p>Non pu\u00f2 assegnare, trasferire o subappaltare nessuno dei Suoi diritti e\/o obblighi ai sensi di questi Termini e condizioni, in tutto o in parte, a terzi senza il nostro previo consenso scritto. Qualsiasi presunta assegnazione in violazione di questa Sezione sar\u00e0 nulla.<\/p>\n<h2>18. Violazioni di questi termini e condizioni<\/h2>\n<p>Senza pregiudicare gli altri nostri diritti ai sensi di questi Termini e Condizioni, se l\u2019utente viola questi Termini e Condizioni in qualsiasi modo, possiamo intraprendere le azioni che riteniamo appropriate per affrontare la violazione, compresa la sospensione temporanea o permanente del suo accesso al sito web, contattando il suo provider di servizi Internet per richiedere che blocchi il suo accesso al sito web, e\/o avviare un\u2019azione legale contro l\u2019utente.<\/p>\n<h2>19. Forza maggiore<\/h2>\n<p>Fatta eccezione per gli obblighi di pagare denaro, nessun ritardo, fallimento o omissione da parte di una delle parti di eseguire o osservare uno qualsiasi dei suoi obblighi ai sensi del presente documento sar\u00e0 considerato una violazione di questi Termini e condizioni se e per tutto il tempo in cui tale ritardo, fallimento o omissione deriva da qualsiasi causa al di fuori del ragionevole controllo di quella parte.<\/p>\n<h2>20. Indennizzo<\/h2>\n<p>Lei accetta di indennizzare, difendere e manlevare noi, da e contro qualsiasi reclamo, responsabilit\u00e0, danni, perdite e spese, relative alla sua violazione di questi termini e condizioni, e le leggi applicabili, compresi i diritti di propriet\u00e0 intellettuale e diritti di privacy. Ci rimborser\u00e0 prontamente per i nostri danni, perdite, costi e spese relativi a o derivanti da tali reclami.<\/p>\n<h2>21. Rinuncia<\/h2>\n<p>La mancata applicazione di una qualsiasi delle disposizioni stabilite in questi Termini e Condizioni e in qualsiasi Accordo, o il mancato esercizio di qualsiasi opzione di rescissione, non deve essere interpretata come una rinuncia a tali disposizioni e non pregiudica la validit\u00e0 di questi Termini e Condizioni o di qualsiasi Accordo o parte di esso, o il diritto successivo di applicare ogni singola disposizione.<\/p>\n<h2>22. Lingua<\/h2>\n<p>Questi Termini e Condizioni saranno interpretati e intesi esclusivamente in Italiano. Tutti gli avvisi e la corrispondenza saranno scritti esclusivamente in quella lingua.<\/p>\n<h2>23. Accordo integrale<\/h2>\n<p>Questi Termini e condizioni, insieme alla nostra <a href=\"https:\/\/alkestudio.it\/eventjoy\/privacy-policy\/\">Informativa Privacy<\/a> e <a href=\"https:\/\/alkestudio.it\/eventjoy\/cookie-policy-ue\/\"><span class=\"tooltipsall tooltipsincontent classtoolTips51\">Cookie<\/span> policy<\/a>, costituiscono l\u2019intero accordo tra voi e Roberta Coralluzzo alkestudo.it (o Alke Studio) in relazione al vostro uso di questo sito web.<\/p>\n<h2>24. Aggiornamento di questi termini e condizioni<\/h2>\n<p>Possiamo aggiornare questi Termini e Condizioni di volta in volta, l&#8217;ultima data di modifica \u00e8 riportata in calce a questo documento. \u00c8 vostro obbligo controllare periodicamente questi Termini e Condizioni per eventuali modifiche o aggiornamenti. La data indicata all\u2019inizio di questi Termini e Condizioni \u00e8 l\u2019ultima data di revisione. Le modifiche a questi Termini e Condizioni diventeranno effettive dal momento in cui tali modifiche saranno pubblicate su questo sito web. L\u2019uso continuato di questo sito web in seguito alla pubblicazione di modifiche o aggiornamenti sar\u00e0 considerato come una notifica della vostra accettazione di rispettare e di essere vincolati da questi Termini e Condizioni.<\/p>\n<h2>25. Scelta della legge e della giurisdizione<\/h2>\n<p>Questi Termini e Condizioni sono regolati dalle leggi di Italia. Qualsiasi controversia relativa ai presenti Termini e Condizioni sar\u00e0 soggetta alla giurisdizione dei tribunali di Italia. Se una qualsiasi parte o disposizione di questi Termini e Condizioni \u00e8 ritenuta da un tribunale o da un\u2019altra autorit\u00e0 non valida e\/o inapplicabile ai sensi della legge applicabile, tale parte o disposizione sar\u00e0 modificata, eliminata e\/o applicata nella misura massima consentita in modo da dare effetto all\u2019intento di questi Termini e Condizioni. Le altre disposizioni non saranno interessate.<\/p>\n<h2>26. Informazioni di contatto<\/h2>\n<p>Questo sito web \u00e8 di propriet\u00e0 e gestito da Roberta Coralluzzo.<\/p>\n<p>Pu\u00f2 contattarci riguardo a questi Termini e Condizioni attraverso la nostra pagina <a href=\"https:\/\/alkestudio.it\/contattami\/\" target=\"_blank\" rel=\"noopener\">Contatti<\/a>.<\/p>\n<h2>27. Foro competente<\/h2>\n<p>In caso di controversie, non risolvibili alternativamente, il Foro competente in modo inderogabile ed esclusivo \u00e8 presso il Tribunale di Salerno.<\/p>\n<hr \/>\n<p>Ultima modifica dei Termini di servizio: 18\/10\/2023<\/p>\n","protected":false},"excerpt":{"rendered":"<p>1. Introduzione Questi Termini e Condizioni si applicano all&#8217;uso di questo sito web e anticipano le condizioni relative all&#8217;acquisto dei nostri prodotti e risorse, i quali possono essere vicolati da contratti accettati tramite un preventivo di acquisto e relativi alla tua relazione con noi o a qualsiasi prodotto o servizio che ricevi da noi. Se&#8230;<\/p>\n","protected":false},"author":1,"featured_media":0,"parent":0,"menu_order":0,"comment_status":"closed","ping_status":"closed","template":"","meta":{"footnotes":""},"class_list":["post-75","page","type-page","status-publish","hentry"],"_links":{"self":[{"href":"https:\/\/alkestudio.it\/eventjoy\/wp-json\/wp\/v2\/pages\/75","targetHints":{"allow":["GET"]}}],"collection":[{"href":"https:\/\/alkestudio.it\/eventjoy\/wp-json\/wp\/v2\/pages"}],"about":[{"href":"https:\/\/alkestudio.it\/eventjoy\/wp-json\/wp\/v2\/types\/page"}],"author":[{"embeddable":true,"href":"https:\/\/alkestudio.it\/eventjoy\/wp-json\/wp\/v2\/users\/1"}],"replies":[{"embeddable":true,"href":"https:\/\/alkestudio.it\/eventjoy\/wp-json\/wp\/v2\/comments?post=75"}],"version-history":[{"count":4,"href":"https:\/\/alkestudio.it\/eventjoy\/wp-json\/wp\/v2\/pages\/75\/revisions"}],"predecessor-version":[{"id":247,"href":"https:\/\/alkestudio.it\/eventjoy\/wp-json\/wp\/v2\/pages\/75\/revisions\/247"}],"wp:attachment":[{"href":"https:\/\/alkestudio.it\/eventjoy\/wp-json\/wp\/v2\/media?parent=75"}],"curies":[{"name":"wp","href":"https:\/\/api.w.org\/{rel}","templated":true}]}}