{"id":3,"date":"2023-09-14T12:36:21","date_gmt":"2023-09-14T10:36:21","guid":{"rendered":"https:\/\/alkestudio.it\/eventjoy\/?page_id=3"},"modified":"2023-10-18T10:56:11","modified_gmt":"2023-10-18T08:56:11","slug":"privacy-policy","status":"publish","type":"page","link":"https:\/\/alkestudio.it\/eventjoy\/privacy-policy\/","title":{"rendered":"Privacy Policy"},"content":{"rendered":"<div class=\"wpb-content-wrapper\"><p>[vc_row][vc_column][vc_column_text]<\/p>\n<h1>Informativa privacy<\/h1>\n<p><em>Regolamento Ue 679\/2016, Dlgs 196\/2003, Dlgs 101\/2018<\/em><\/p>\n<p>[\/vc_column_text][vc_column_text]<div class=\"gtranslate_wrapper\" id=\"gt-wrapper-19322214\"><\/div>[\/vc_column_text][vc_column_text]<\/p>\n<h3>RIFERIMENTI E DATI DI CONTATTO<\/h3>\n<p><b>TITOLARE DEL TRATTAMENTO<\/b><br \/>\nRoberta Coralluzzo, Alke Studio<br \/>\nVia Fiume n. 64 (84129) Salerno \u2013 Italy<br \/>\ntel +39 351 653 9499 | e-mail: staff@alkestudio.it<br \/>\ne-mail P.e.c.: alkestudio@kelipec.it | sito web: www.alkestudio.it<br \/>\nP. IVA: 05508650651<\/p>\n<p>[\/vc_column_text][vc_column_text]<\/p>\n<p>Il Titolare ha necessit\u00e0 di acquisire i dati personali per l&#8217;elaborazione e l&#8217;espletamento di servizi\/progetti, consulenze ai sensi dell&#8217;art. 13 del Regolamento Europeo 679\/2016, Dlgs 196\/2003 + Dlgs 101\/2018<\/p>\n<p>[\/vc_column_text][vc_column_text]<\/p>\n<h3>INFORMAZIONI RELATIVE AL TRATTAMENTO DEI DATI PERSONALI<\/h3>\n<p><b>FINALIT\u00c0 DEL TRATTAMENTO<\/b><br \/>\nRispondere alla richiesta di informazioni da parte dell\u2019Interessato. Commenti sul sito web. Finalit\u00e0 di marketing. Predisposizione di un\u2019offerta, elaborazione ed esecuzione dei progetti\/servizi. Finalit\u00e0 contabili e di contratto. Statistica anonimizzata.<\/p>\n<p><b>DATI TRATTATI<\/b><br \/>\nDati personali e identificativi; dati inerenti lo stile di vita, provenienza geografica; dati fiscali.<\/p>\n<p><b>LUOGO DI CONSERVAZIONE<\/b><br \/>\nArchivi informatici.<\/p>\n<p><b>BASE GIURIDICA DEL TRATTAMENTO<\/b><br \/>\nL\u2019interessato ha espresso il consenso. Il trattamento \u00e8 necessario per l\u2019esecuzione di un contratto. Il trattamento \u00e8 necessario per il perseguimento del legittimo interesse.<\/p>\n<p><b>LEGITTIMO INTERESSE<\/b><br \/>\nIl trattamento \u00e8 necessario per il perseguimento dell\u2019interesse legittimo delle parti nel caso debbano essere espletati accorgimenti e\/o modifiche ai progetti\/servizi forniti; esigenze contabili, esigenze legali.<\/p>\n<p><b>DESTINATARI DEI DATI PERSONALI<\/b><br \/>\nI suoi dati personali non saranno oggetto di diffusione ma potranno essere comunicati a fornitori terzi per: finalit\u00e0 di marketing, per l\u2019assolvimento di un contratto, obblighi previsti ai sensi di legge e agli Incaricati e ai Responsabili del trattamento.<\/p>\n<p><b>TRASFERIMENTO DEI DATI A PAESI TERZI<\/b><br \/>\nIn alcuni casi, per rispondere alle esigenze del servizio fornito e di promozione, il titolare potr\u00e0 trasferire i dati a paesi terzi nel rispetto degli accordi legali stipulati con l\u2019Ue.<\/p>\n<p><b>PERIODO DI CONSERVAZIONE DEI DATI<\/b><\/p>\n<ul>\n<li>Comunicazione a seguito di richiesta da parte dell\u2019Interessato: i dati saranno conservati (12 mesi).<\/li>\n<li>Nei social network: la conservazione \u00e8 limitata al periodo di erogazione del servizio.<\/li>\n<li>Commenti e social: saranno visibili fino all\u2019erogazione del servizio.<\/li>\n<li>Periodo di marketing se previsto da consenso: 24 mesi.<\/li>\n<li>Completamento del progetto ed eventuale assistenza se prevista: 24 mesi.<\/li>\n<li>Periodo contabile: 10 anni.<\/li>\n<li>Statistica: 30 giorni.<\/li>\n<\/ul>\n<p><b>DIRITTI DEGLI INTERESSATI<\/b><br \/>\nL\u2019Interessato (ad eccezione dei vincoli contabili) pu\u00f2 richiedere l\u2019accesso, la limitazione, la rettifica, la portabilit\u00e0 e la cancellazione dei propri dati in qualsiasi momento al Titolare utilizzando le stesse modalit\u00e0 e canali usati per il consenso, senza pregiudicare la liceit\u00e0 del trattamento.<\/p>\n<p><b>MODALIT\u00c0 PER L\u2019ESERCIZIO DEI DIRITTI<\/b><br \/>\nL&#8217;Interessato, in qualit\u00e0 di interessato pu\u00f2 avvalersi dei suoi diritti utilizzando il modello di revoca in possesso del titolare. In alternativa \u00e8 possibile scrivere all\u2019indirizzo email: staff@alkestudio.it<\/p>\n<p><b>DIRITTO DI PROPORRE RECLAMO ALL\u2019AUTORIT\u00c0<\/b><br \/>\nL\u2019Interessato ha il diritto di proporre reclamo all\u2019Autorit\u00e0 utilizzando la documentazione fornita sul sito del Garante: www.garanteprivacy.it<\/p>\n<p><b>OBBLIGO LEGALE DELLA COMUNICAZIONE DEI DATI<\/b><br \/>\nLa comunicazione che l&#8217;Interessato ci fa relativa ai suoi dati personali \u00e8 un requisito necessario per la conclusione di un contratto. Le conseguenze di una mancata comunicazione a tal riguardo potrebbe non garantire la totale erogazione dei servizi.<\/p>\n<p><b>FONTE DA CUI HANNO ORIGINE I DATI<\/b><br \/>\nI dati non sono acquisiti da nessuna fonte ma vengono rilasciati direttamente dall\u2019Interessato.<\/p>\n<p><b>PROCESSO DECISIONALE AUTOMATIZZATO<\/b><br \/>\nIl Titolare non tratta i suoi dati attraverso processi decisionali automatizzati, non effettua alcuna profilazione.<\/p>\n<p>[\/vc_column_text][vc_column_text]<\/p>\n<p>Ultima modifica: 18\/10\/2023<\/p>\n<p>[\/vc_column_text][\/vc_column][\/vc_row]<\/p>\n<\/div>","protected":false},"excerpt":{"rendered":"<p>[vc_row][vc_column][vc_column_text] Informativa privacy Regolamento Ue 679\/2016, Dlgs 196\/2003, Dlgs 101\/2018 [\/vc_column_text][vc_column_text][\/vc_column_text][vc_column_text] RIFERIMENTI E DATI DI CONTATTO TITOLARE DEL TRATTAMENTO Roberta Coralluzzo, Alke Studio Via Fiume n. 64 (84129) Salerno \u2013 Italy tel +39 351 653 9499 | e-mail: staff@alkestudio.it e-mail P.e.c.: alkestudio@kelipec.it | sito web: www.alkestudio.it P. IVA: 05508650651 [\/vc_column_text][vc_column_text] Il Titolare ha necessit\u00e0 di&#8230;<\/p>\n","protected":false},"author":1,"featured_media":0,"parent":0,"menu_order":0,"comment_status":"closed","ping_status":"closed","template":"","meta":{"footnotes":""},"class_list":["post-3","page","type-page","status-publish","hentry"],"_links":{"self":[{"href":"https:\/\/alkestudio.it\/eventjoy\/wp-json\/wp\/v2\/pages\/3","targetHints":{"allow":["GET"]}}],"collection":[{"href":"https:\/\/alkestudio.it\/eventjoy\/wp-json\/wp\/v2\/pages"}],"about":[{"href":"https:\/\/alkestudio.it\/eventjoy\/wp-json\/wp\/v2\/types\/page"}],"author":[{"embeddable":true,"href":"https:\/\/alkestudio.it\/eventjoy\/wp-json\/wp\/v2\/users\/1"}],"replies":[{"embeddable":true,"href":"https:\/\/alkestudio.it\/eventjoy\/wp-json\/wp\/v2\/comments?post=3"}],"version-history":[{"count":3,"href":"https:\/\/alkestudio.it\/eventjoy\/wp-json\/wp\/v2\/pages\/3\/revisions"}],"predecessor-version":[{"id":249,"href":"https:\/\/alkestudio.it\/eventjoy\/wp-json\/wp\/v2\/pages\/3\/revisions\/249"}],"wp:attachment":[{"href":"https:\/\/alkestudio.it\/eventjoy\/wp-json\/wp\/v2\/media?parent=3"}],"curies":[{"name":"wp","href":"https:\/\/api.w.org\/{rel}","templated":true}]}}